{"id":950,"date":"2016-02-09T16:08:11","date_gmt":"2016-02-09T16:08:11","guid":{"rendered":"http:\/\/volvobertone.com\/wordpress\/?page_id=950"},"modified":"2016-02-10T12:28:01","modified_gmt":"2016-02-10T12:28:01","slug":"votre-profil","status":"publish","type":"page","link":"https:\/\/volvobertone.com\/wordpress\/fr\/votre-profil\/","title":{"rendered":"Votre profil"},"content":{"rendered":"<p>&nbsp;<\/p>\n<p><strong>Ici vous pouvez vous inscrire, cr\u00e9er le dossier lui-m\u00eame et t\u00e9l\u00e9charger vos propres photos de Bertone.<\/strong><\/p>\n<p><strong>Pour toute question ou probl\u00e8me, veuillez communiquer avec les options habituelles courriel via le formulaire de contact ou directement.<\/strong><\/p>\n<p><strong>Cordialement, votre webmaster, Jeroen<\/strong><\/p>\n<div class=\"tml tml-login\">\n<div class=\"tml-alerts\"><\/div><form name=\"login\" action=\"https:\/\/volvobertone.com\/wordpress\/login\/\" method=\"post\">\n<div class=\"tml-field-wrap tml-log-wrap\">\n<label class=\"tml-label\" for=\"user_login\">Gebruikersnaam<\/label>\n<input name=\"log\" type=\"text\" value=\"\" id=\"user_login\" autocapitalize=\"off\" class=\"tml-field\">\n<\/div>\n\n<div class=\"tml-field-wrap tml-pwd-wrap\">\n<label class=\"tml-label\" for=\"user_pass\">Wachtwoord<\/label>\n<input name=\"pwd\" type=\"password\" value=\"\" id=\"user_pass\" class=\"tml-field\">\n<\/div>\n\n\n<div class=\"tml-field-wrap tml-rememberme-wrap\">\n<input name=\"rememberme\" type=\"checkbox\" value=\"forever\" id=\"rememberme\" class=\"tml-checkbox\">\n<label class=\"tml-label\" for=\"rememberme\">Onthoud mij<\/label>\n<\/div>\n\n<div class=\"tml-field-wrap tml-submit-wrap\">\n<button name=\"submit\" type=\"submit\" class=\"tml-button\">Login<\/button>\n<\/div>\n\n<input name=\"redirect_to\" type=\"hidden\" value=\"https:\/\/volvobertone.com\/wordpress\/wp-admin\/\">\n\n<\/form>\n<ul class=\"tml-links\"><li class=\"tml-register-link\"><a href=\"https:\/\/volvobertone.com\/wordpress\/register\/\">Registreren<\/a><\/li><li class=\"tml-lostpassword-link\"><a href=\"https:\/\/volvobertone.com\/wordpress\/lostpassword\/\">Je wachtwoord vergeten?<\/a><\/li><\/ul><\/div>\n\n","protected":false},"excerpt":{"rendered":"<p>&nbsp; Ici vous pouvez vous inscrire, cr\u00e9er le dossier lui-m\u00eame et t\u00e9l\u00e9charger vos propres photos de Bertone. Pour toute question [&hellip;]<\/p>\n","protected":false},"author":1,"featured_media":0,"parent":0,"menu_order":0,"comment_status":"closed","ping_status":"closed","template":"page-templates\/page_front-page.php","meta":{"footnotes":""},"class_list":["post-950","page","type-page","status-publish","hentry"],"_links":{"self":[{"href":"https:\/\/volvobertone.com\/wordpress\/wp-json\/wp\/v2\/pages\/950","targetHints":{"allow":["GET"]}}],"collection":[{"href":"https:\/\/volvobertone.com\/wordpress\/wp-json\/wp\/v2\/pages"}],"about":[{"href":"https:\/\/volvobertone.com\/wordpress\/wp-json\/wp\/v2\/types\/page"}],"author":[{"embeddable":true,"href":"https:\/\/volvobertone.com\/wordpress\/wp-json\/wp\/v2\/users\/1"}],"replies":[{"embeddable":true,"href":"https:\/\/volvobertone.com\/wordpress\/wp-json\/wp\/v2\/comments?post=950"}],"version-history":[{"count":4,"href":"https:\/\/volvobertone.com\/wordpress\/wp-json\/wp\/v2\/pages\/950\/revisions"}],"predecessor-version":[{"id":965,"href":"https:\/\/volvobertone.com\/wordpress\/wp-json\/wp\/v2\/pages\/950\/revisions\/965"}],"wp:attachment":[{"href":"https:\/\/volvobertone.com\/wordpress\/wp-json\/wp\/v2\/media?parent=950"}],"curies":[{"name":"wp","href":"https:\/\/api.w.org\/{rel}","templated":true}]}}