{"id":840,"date":"2016-02-03T22:32:59","date_gmt":"2016-02-03T22:32:59","guid":{"rendered":"http:\/\/volvobertone.com\/wordpress\/?page_id=840"},"modified":"2016-03-29T14:12:59","modified_gmt":"2016-03-29T14:12:59","slug":"tech262-fr","status":"publish","type":"page","link":"https:\/\/volvobertone.com\/wordpress\/fr\/tech262-fr\/","title":{"rendered":"tech262-fr"},"content":{"rendered":"<div id=\"pl-840\"  class=\"panel-layout\" ><div id=\"pg-840-0\"  class=\"panel-grid panel-has-style\" ><div class=\"siteorigin-panels-stretch panel-row-style panel-row-style-for-840-0\" style=\"padding: 40px 0; \" data-stretch-type=\"full\" data-overlay=\"true\" ><div id=\"pgc-840-0-0\"  class=\"panel-grid-cell\" ><div id=\"panel-840-0-0-0\" class=\"so-panel widget_black-studio-tinymce widget_black_studio_tinymce panel-first-child panel-last-child\" data-index=\"0\" ><h3 class=\"widget-title\">Technique Caract\u00e9ristique: Volvo 262 Coupe<\/h3><div class=\"textwidget\"><table border=\"2\" width=\"100%\" cellspacing=\"5%\" cellpadding=\"5%\" align=\"CENTER\">\n<tbody>\n<tr>\n<td colspan=\"5\"><center><b>Technique Caract\u00e9ristique: Volvo 262 Coupe<\/b><\/center><\/td>\n<\/tr>\n<tr>\n<td style=\"text-align: left;\"><b>Moteur<\/b><\/td>\n<td><center>B27 E<\/center><\/td>\n<td><center>B28 E<\/center><\/td>\n<td><center>B27 F<\/center><\/td>\n<td><center>B28 F<\/center><\/td>\n<\/tr>\n<tr>\n<td style=\"text-align: left;\"><b>Configuration<\/b><\/td>\n<td><center>6 cylindre en V<\/center><\/td>\n<td><center>6 cylindre en V<\/center><\/td>\n<td><center>6 cylindre en V<\/center><\/td>\n<td><center>6 cylindre en V<\/center><\/td>\n<\/tr>\n<tr>\n<td style=\"text-align: left;\"><b>Alimentation<\/b><\/td>\n<td><center>Injection \u00e9lectronique<\/center><\/td>\n<td><center>Injection \u00e9lectronique<\/center><\/td>\n<td><center>Injection \u00e9lectronique<\/center><\/td>\n<td><center>Injection \u00e9lectronique<\/center><\/td>\n<\/tr>\n<tr>\n<td style=\"text-align: left;\"><b>Cylindr\u00e9e cm3<\/b><\/td>\n<td><center>2664<\/center><\/td>\n<td><center>2849<\/center><\/td>\n<td><center>2664<\/center><\/td>\n<td><center>2849<\/center><\/td>\n<\/tr>\n<tr>\n<td style=\"text-align: left;\"><b>Al\u00e9sage\/ course, mm<\/b><\/td>\n<td><center>88\/73<\/center><\/td>\n<td><center>91\/73<\/center><\/td>\n<td><center>88\/73<\/center><\/td>\n<td><center>91\/73<\/center><\/td>\n<\/tr>\n<tr>\n<td style=\"text-align: left;\"><b>Puissance maxi, ECE kW\/ch \u00e0 tr\/mn<\/b><\/td>\n<td><center>109\/148\/5700<\/center><\/td>\n<td><center>109\/150\/5500<\/center><\/td>\n<td><center>...\/127\/5500<\/center><\/td>\n<td><center>...\/132\/5500<\/center><\/td>\n<\/tr>\n<tr>\n<td style=\"text-align: left;\"><b>Couple maxi, ECE Nm\/kpm \u00e0 tr\/mn<\/b><\/td>\n<td><center>240\/22,2\/3000<\/center><\/td>\n<td><center>240\/23,4\/3000<\/center><\/td>\n<td><center>...\/20,7\/2750<\/center><\/td>\n<td><center>...\/21,2\/2750<\/center><\/td>\n<\/tr>\n<tr>\n<td style=\"text-align: left;\"><b>Taux de compression<\/b><\/td>\n<td><center>9,5:1<\/center><\/td>\n<td><center>9,5:1<\/center><\/td>\n<td><center>8,8:1<\/center><\/td>\n<td><center>8,8:1<\/center><\/td>\n<\/tr>\n<tr>\n<td style=\"text-align: left;\"><b>Bloc-moteur\/culasse<\/b><\/td>\n<td><center>Aluminium<\/center><\/td>\n<td><center>Aluminium<\/center><\/td>\n<td><center>Aluminium<\/center><\/td>\n<td><center>Aluminium<\/center><\/td>\n<\/tr>\n<tr>\n<td style=\"text-align: left;\"><b>Distribution<\/b><\/td>\n<td><center>Arbres \u00e0 came en t\u00eate<\/center><\/td>\n<td><center>Arbres \u00e0 came en t\u00eate<\/center><\/td>\n<td><center>Arbres \u00e0 came en t\u00eate<\/center><\/td>\n<td><center>Arbres \u00e0 came en t\u00eate<\/center><\/td>\n<\/tr>\n<tr>\n<td colspan=\"5\"><center><strong>Direction (assist\u00e9s)<\/strong><\/center><\/td>\n<\/tr>\n<tr>\n<td style=\"text-align: left;\"><b>A cr\u00e9maill\u00e8re, colonne de direction de s\u00e9crurit\u00e9, Rapport:<\/b><\/td>\n<td><center>16,9:1<\/center><\/td>\n<td><center>16,9:1<\/center><\/td>\n<td><center>16,9:1<\/center><\/td>\n<td><center>16,9:1<\/center><\/td>\n<\/tr>\n<tr>\n<td style=\"text-align: left;\"><b>Diamt\u00e8tre de braqage M<\/b><\/td>\n<td><center>9,9<\/center><\/td>\n<td><center>9,9<\/center><\/td>\n<td><center>9,9<\/center><\/td>\n<td><center>9,9<\/center><\/td>\n<\/tr>\n<tr>\n<td style=\"text-align: left;\"><b>Nombre de tours de volant de but\u00e9e \u00e0 but\u00e9e<\/b><\/td>\n<td><center>3,5<\/center><\/td>\n<td><center>3,5<\/center><\/td>\n<td><center>3,5<\/center><\/td>\n<td><center>3,5<\/center><\/td>\n<\/tr>\n<tr>\n<td colspan=\"5\"><center><strong>Suspensions<\/strong><\/center><\/td>\n<\/tr>\n<tr>\n<td style=\"text-align: left;\"><b>Avant<\/b><\/td>\n<td><center>Jambes \u00e0 ressort<\/center><\/td>\n<td><center>Jambes \u00e0 ressort<\/center><\/td>\n<td><center>Jambes \u00e0 ressort<\/center><\/td>\n<td><center>Jambes \u00e0 ressort<\/center><\/td>\n<\/tr>\n<tr>\n<td style=\"text-align: left;\"><b>Arri\u00e9re<\/b><\/td>\n<td><center>Voie constante<\/center><\/td>\n<td><center>Voie constante<\/center><\/td>\n<td><center>Voie constante<\/center><\/td>\n<td><center>Voie constante<\/center><\/td>\n<\/tr>\n<tr>\n<td colspan=\"5\"><center><strong>Freins (assist\u00e9s)<\/strong><\/center><\/td>\n<\/tr>\n<tr>\n<td style=\"text-align: left;\"><b>Avant<\/b><\/td>\n<td><center>Disques ventil\u00e9s<\/center><\/td>\n<td><center>Disques ventil\u00e9s<\/center><\/td>\n<td><center>Disques ventil\u00e9s<\/center><\/td>\n<td><center>Disques ventil\u00e9s<\/center><\/td>\n<\/tr>\n<tr>\n<td style=\"text-align: left;\"><b>Arri\u00e9re<\/b><\/td>\n<td><center>Disques<\/center><\/td>\n<td><center>Disques<\/center><\/td>\n<td><center>Disques<\/center><\/td>\n<td><center>Disques<\/center><\/td>\n<\/tr>\n<tr>\n<td colspan=\"5\"><center><strong>Transmission<\/strong><\/center><\/td>\n<\/tr>\n<tr>\n<td style=\"text-align: left;\"><b>Manuelle<\/b><\/td>\n<td><center>4-vitesses + OD<\/center><\/td>\n<td><center>4-vitesses + OD<\/center><\/td>\n<td><center>4-vitesses + OD<\/center><\/td>\n<td><center>4-vitesses + OD<\/center><\/td>\n<\/tr>\n<tr>\n<td style=\"text-align: left;\"><b>Automaat<\/b><\/td>\n<td><center>3-vitesses<\/center><\/td>\n<td><center>3-vitesses<\/center><\/td>\n<td><center>3-vitesses<\/center><\/td>\n<td><center>3-vitesses<\/center><\/td>\n<\/tr>\n<tr>\n<td colspan=\"5\"><center><strong>Syst\u00e9me \u00e8lectrique<\/strong><\/center><\/td>\n<\/tr>\n<tr>\n<td style=\"text-align: left;\"><b>Puissance de la batterie (Ah)<\/b><\/td>\n<td><center>70 Ah<\/center><\/td>\n<td><center>60 Ah<\/center><\/td>\n<td><center>60 Ah<\/center><\/td>\n<td><center>60 Ah<\/center><\/td>\n<\/tr>\n<tr>\n<td style=\"text-align: left;\"><b>Alternateur<\/b><\/td>\n<td><center>55 A<\/center><\/td>\n<td><center>55 A<\/center><\/td>\n<td><center>55 A<\/center><\/td>\n<td><center>55 A<\/center><\/td>\n<\/tr>\n<tr>\n<td style=\"text-align: left;\"><b>Allumage<\/b><\/td>\n<td><center>Electronich Bosch<\/center><\/td>\n<td><center>Electronich Bosch<\/center><\/td>\n<td><center>Electronich Bosch<\/center><\/td>\n<td><center>Electronich Bosch<\/center><\/td>\n<\/tr>\n<tr>\n<td colspan=\"5\"><center><strong>Roues<\/strong><\/center><\/td>\n<\/tr>\n<tr>\n<td style=\"text-align: left;\"><b>Pneus \u00e0carcasse radiale<\/b><\/td>\n<td><center>185\/70 HR14<\/center><\/td>\n<td><center>185\/70 SR14<\/center><\/td>\n<td><center>185\/70 SR14ZX<\/center><\/td>\n<td><center>185\/70 SR14ZX<\/center><\/td>\n<\/tr>\n<tr>\n<td style=\"text-align: left;\"><b>Jantes<\/b><\/td>\n<td><center>5,5\" x 14\"<\/center><\/td>\n<td><center>5,5\" x 14\"<\/center><\/td>\n<td><center>5,5\" x 14\"<\/center><\/td>\n<td><center>5,5\" x 14\"<\/center><\/td>\n<\/tr>\n<tr>\n<td colspan=\"5\"><center><strong>R\u00e8servoir de carburant<\/strong><\/center><\/td>\n<\/tr>\n<tr>\n<td style=\"text-align: left;\"><b>Position de s\u00e9curit\u00e9. Volume en litre<\/b><\/td>\n<td><center>60<\/center><\/td>\n<td><center>60<\/center><\/td>\n<td><center>60<\/center><\/td>\n<td><center>60<\/center><\/td>\n<\/tr>\n<\/tbody>\n<\/table>\n<\/div><\/div><\/div><\/div><\/div><div id=\"pg-840-1\"  class=\"panel-grid panel-has-style\" ><div class=\"siteorigin-panels-stretch panel-row-style panel-row-style-for-840-1\" style=\"padding: 100px 0; \" data-stretch-type=\"full\" data-overlay=\"true\" ><div id=\"pgc-840-1-0\"  class=\"panel-grid-cell\" ><div id=\"panel-840-1-0-0\" class=\"so-panel widget_sydney_action sydney_action_widget panel-first-child panel-last-child\" data-index=\"1\" >        <div class=\"roll-promobox aside-style\">\r\n\t\t\t<div class=\"promo-wrap\">\r\n\t\t\t\t\t\t\t\t<div class=\"promo-controls\">\r\n\t\t\t\t\t<a href=\"http:\/\/volvobertone.com\/wordpress\/fr\/artikel-fr\/\" class=\"roll-button border\">arri\u00e8re<\/a>\r\n\t\t\t\t<\/div>\r\n\t\t\t<\/div>\r\n        <\/div>\r\n\t<\/div><\/div><\/div><\/div><\/div>","protected":false},"excerpt":{"rendered":"<p>Technique Caract\u00e9ristique: Volvo 262 CoupeMoteurB27 EB28 EB27 FB28 FConfiguration6 cylindre en V6 cylindre en V6 cylindre en V6 cylindre en [&hellip;]<\/p>\n","protected":false},"author":2,"featured_media":0,"parent":0,"menu_order":0,"comment_status":"closed","ping_status":"closed","template":"page-templates\/page_front-page.php","meta":{"footnotes":""},"class_list":["post-840","page","type-page","status-publish","hentry"],"_links":{"self":[{"href":"https:\/\/volvobertone.com\/wordpress\/wp-json\/wp\/v2\/pages\/840","targetHints":{"allow":["GET"]}}],"collection":[{"href":"https:\/\/volvobertone.com\/wordpress\/wp-json\/wp\/v2\/pages"}],"about":[{"href":"https:\/\/volvobertone.com\/wordpress\/wp-json\/wp\/v2\/types\/page"}],"author":[{"embeddable":true,"href":"https:\/\/volvobertone.com\/wordpress\/wp-json\/wp\/v2\/users\/2"}],"replies":[{"embeddable":true,"href":"https:\/\/volvobertone.com\/wordpress\/wp-json\/wp\/v2\/comments?post=840"}],"version-history":[{"count":11,"href":"https:\/\/volvobertone.com\/wordpress\/wp-json\/wp\/v2\/pages\/840\/revisions"}],"predecessor-version":[{"id":1196,"href":"https:\/\/volvobertone.com\/wordpress\/wp-json\/wp\/v2\/pages\/840\/revisions\/1196"}],"wp:attachment":[{"href":"https:\/\/volvobertone.com\/wordpress\/wp-json\/wp\/v2\/media?parent=840"}],"curies":[{"name":"wp","href":"https:\/\/api.w.org\/{rel}","templated":true}]}}