{"id":402,"date":"2016-01-24T11:40:45","date_gmt":"2016-01-24T11:40:45","guid":{"rendered":"http:\/\/volvobertone.com\/wordpress\/?page_id=402"},"modified":"2016-02-02T21:44:17","modified_gmt":"2016-02-02T21:44:17","slug":"formulierenpagina-fr","status":"publish","type":"page","link":"https:\/\/volvobertone.com\/wordpress\/fr\/formulierenpagina-fr\/","title":{"rendered":"Informations"},"content":{"rendered":"<div id=\"pl-402\"  class=\"panel-layout\" ><div id=\"pg-402-0\"  class=\"panel-grid panel-has-style\" ><div style=\"padding: 100px 0; \" data-overlay=\"true\" class=\"panel-row-style panel-row-style-for-402-0\" ><div id=\"pgc-402-0-0\"  class=\"panel-grid-cell\" ><div id=\"panel-402-0-0-0\" class=\"so-panel widget_black-studio-tinymce widget_black_studio_tinymce panel-first-child panel-last-child\" data-index=\"0\" ><h3 class=\"widget-title\">QUE VOULEZ-VOUS FAIRE?<\/h3><div class=\"textwidget\"><p><strong>Enregistrer votre mod\u00e8le?<\/strong><\/p>\n<p><strong>Mod\u00e8le <a href=\"http:\/\/volvobertone.com\/wordpress\/formulierenpagina-ne\/registratieformulier-262glne\/\">262GL<\/a><\/strong><\/p>\n<p><strong>Mod\u00e8le <a href=\"http:\/\/volvobertone.com\/wordpress\/services\/database262c\/\">262C<\/a><\/strong><\/p>\n<p><strong>Mod\u00e8le <a href=\"http:\/\/volvobertone.com\/wordpress\/services\/database264te\/\">264TE<\/a><\/strong><\/p>\n<p><strong>Mod\u00e8le <a href=\"http:\/\/volvobertone.com\/wordpress\/services\/database780\/\">780<\/a><\/strong><\/p>\n<p>\u00a0<\/p>\n<p><strong>Afficher la base de donn\u00e9es des mod\u00e8les?<\/strong><\/p>\n<p><strong>Mod\u00e8le <a href=\"http:\/\/volvobertone.com\/wordpress\/formulierenpagina-ne\/registratieformulier-262glne\/\">262GL<\/a><\/strong><\/p>\n<p><strong>Mod\u00e8le <a href=\"http:\/\/volvobertone.com\/wordpress\/formulierenpagina-ne\/registratieformulier-262ne\/\">262C<\/a><\/strong><\/p>\n<p><strong>Mod\u00e8le <a href=\"http:\/\/volvobertone.com\/wordpress\/formulierenpagina-ne\/registratieformulier-264ne\/\">264TE<\/a><\/strong><\/p>\n<p><strong>Mod\u00e8le <a href=\"http:\/\/volvobertone.com\/wordpress\/formulierenpagina-ne\/registratieformulier-780ne\/\">780<\/a><\/strong><\/p>\n<\/div><\/div><\/div><\/div><\/div><\/div>","protected":false},"excerpt":{"rendered":"<p>Enregistrer votre mod\u00e8le?Mod\u00e8le 262GLMod\u00e8le 262CMod\u00e8le 264TEMod\u00e8le 780\u00a0Afficher la base de donn\u00e9es des mod\u00e8les?Mod\u00e8le 262GLMod\u00e8le 262CMod\u00e8le 264TEMod\u00e8le 780<\/p>\n","protected":false},"author":1,"featured_media":0,"parent":0,"menu_order":0,"comment_status":"closed","ping_status":"closed","template":"page-templates\/page_front-page.php","meta":{"footnotes":""},"class_list":["post-402","page","type-page","status-publish","hentry"],"_links":{"self":[{"href":"https:\/\/volvobertone.com\/wordpress\/wp-json\/wp\/v2\/pages\/402","targetHints":{"allow":["GET"]}}],"collection":[{"href":"https:\/\/volvobertone.com\/wordpress\/wp-json\/wp\/v2\/pages"}],"about":[{"href":"https:\/\/volvobertone.com\/wordpress\/wp-json\/wp\/v2\/types\/page"}],"author":[{"embeddable":true,"href":"https:\/\/volvobertone.com\/wordpress\/wp-json\/wp\/v2\/users\/1"}],"replies":[{"embeddable":true,"href":"https:\/\/volvobertone.com\/wordpress\/wp-json\/wp\/v2\/comments?post=402"}],"version-history":[{"count":8,"href":"https:\/\/volvobertone.com\/wordpress\/wp-json\/wp\/v2\/pages\/402\/revisions"}],"predecessor-version":[{"id":668,"href":"https:\/\/volvobertone.com\/wordpress\/wp-json\/wp\/v2\/pages\/402\/revisions\/668"}],"wp:attachment":[{"href":"https:\/\/volvobertone.com\/wordpress\/wp-json\/wp\/v2\/media?parent=402"}],"curies":[{"name":"wp","href":"https:\/\/api.w.org\/{rel}","templated":true}]}}