{"id":387,"date":"2016-01-24T10:00:27","date_gmt":"2016-01-24T10:00:27","guid":{"rendered":"http:\/\/volvobertone.com\/wordpress\/?page_id=387"},"modified":"2016-02-04T22:19:12","modified_gmt":"2016-02-04T22:19:12","slug":"home-fr","status":"publish","type":"page","link":"https:\/\/volvobertone.com\/wordpress\/fr\/home-fr\/","title":{"rendered":"Home"},"content":{"rendered":"<div id=\"pl-387\"  class=\"panel-layout\" ><div id=\"pg-387-0\"  class=\"panel-grid panel-has-style\" ><div style=\"padding: 100px 0; \" data-overlay=\"true\" class=\"panel-row-style panel-row-style-for-387-0\" ><div id=\"pgc-387-0-0\"  class=\"panel-grid-cell\" ><div id=\"panel-387-0-0-0\" class=\"so-panel widget_sydney_services_type_a sydney_services_widget panel-first-child panel-last-child\" data-index=\"0\" >\t\t\t<h3 class=\"widget-title\">Service<\/h3>\r\n\t\t\t\t\t\t\t\t\t\t\t\t\t\t\t\t\t\t\t<div class=\"service col-md-4\">\r\n\t\t\t\t\t\t\t\t\t<div class=\"roll-icon-box\">\r\n\t\t\t\t\t\t\t\t\t\r\n\t\t\t\t\t\t\t<div class=\"icon\">\r\n\t\t\t\t\t\t\t\t\t\t\t\t\t\t\t\t\t<a href=\"http:\/\/www.volvobertone.com\/780form.html\"><i class=\"fa fa-users [\uf0c0]\"><\/i><\/a>\t\t\t\t\t\t\t\t\t\t\t\t\t\t\t<\/div>\r\n\t\t\t\t\t\t\t\t\t\t\t\t<div class=\"content\">\r\n\t\t\t\t\t\t\t<h3>\r\n\t\t\t\t\t\t\t\t\t\t\t\t\t\t\t\t\t<a href=\"http:\/\/www.volvobertone.com\/780form.html\">Database 780<\/a>\r\n\t\t\t\t\t\t\t\t\t\t\t\t\t\t\t<\/h3>\r\n\t\t\t\t\t\t\t\t\t\t\t\t\t\t\t\r\n\t\t\t\t\t\t\t\t<p>Num\u00e9ros de ch\u00e2ssis de base de donn\u00e9es mod\u00e8le\u00a0780<\/p>\n\t\t\t\t\t\t\t\t\t\t\t\t\t<\/div><!--.info-->\t\r\n\t\t\t\t\t<\/div>\r\n\t\t\t\t<\/div>\r\n\t\t\t\t\t\t\t\t\t\t\t\t\t\t\t\t\t\t\t<div class=\"service col-md-4\">\r\n\t\t\t\t\t\t\t\t\t<div class=\"roll-icon-box\">\r\n\t\t\t\t\t\t\t\t\t\r\n\t\t\t\t\t\t\t<div class=\"icon\">\r\n\t\t\t\t\t\t\t\t\t\t\t\t\t\t\t\t\t<a href=\"http:\/\/www.volvobertone.com\/264form.html\"><i class=\"fa fa-users [\uf0c0]\"><\/i><\/a>\t\t\t\t\t\t\t\t\t\t\t\t\t\t\t<\/div>\r\n\t\t\t\t\t\t\t\t\t\t\t\t<div class=\"content\">\r\n\t\t\t\t\t\t\t<h3>\r\n\t\t\t\t\t\t\t\t\t\t\t\t\t\t\t\t\t<a href=\"http:\/\/www.volvobertone.com\/264form.html\">Database 264TE<\/a>\r\n\t\t\t\t\t\t\t\t\t\t\t\t\t\t\t<\/h3>\r\n\t\t\t\t\t\t\t\t\t\t\t\t\t\t\t\r\n\t\t\t\t\t\t\t\t<p>Num\u00e9ros de ch\u00e2ssis de base de donn\u00e9es mod\u00e8le 264TE<\/p>\n\t\t\t\t\t\t\t\t\t\t\t\t\t<\/div><!--.info-->\t\r\n\t\t\t\t\t<\/div>\r\n\t\t\t\t<\/div>\r\n\t\t\t\t\t\t\t\t\t\t\t\t\t\t\t\t\t\t\t<div class=\"service col-md-4\">\r\n\t\t\t\t\t\t\t\t\t<div class=\"roll-icon-box\">\r\n\t\t\t\t\t\t\t\t\t\r\n\t\t\t\t\t\t\t<div class=\"icon\">\r\n\t\t\t\t\t\t\t\t\t\t\t\t\t\t\t\t\t<a href=\"http:\/\/www.volvobertone.com\/262form.html\"><i class=\"fa fa-users [\uf0c0]\"><\/i><\/a>\t\t\t\t\t\t\t\t\t\t\t\t\t\t\t<\/div>\r\n\t\t\t\t\t\t\t\t\t\t\t\t<div class=\"content\">\r\n\t\t\t\t\t\t\t<h3>\r\n\t\t\t\t\t\t\t\t\t\t\t\t\t\t\t\t\t<a href=\"http:\/\/www.volvobertone.com\/262form.html\">Database 262C<\/a>\r\n\t\t\t\t\t\t\t\t\t\t\t\t\t\t\t<\/h3>\r\n\t\t\t\t\t\t\t\t\t\t\t\t\t\t\t\r\n\t\t\t\t\t\t\t\t<p>Num\u00e9ros de ch\u00e2ssis de base de donn\u00e9es mod\u00e8le 262C<\/p>\n\t\t\t\t\t\t\t\t\t\t\t\t\t<\/div><!--.info-->\t\r\n\t\t\t\t\t<\/div>\r\n\t\t\t\t<\/div>\r\n\t\t\t\r\n\t\t\t\t\t\t\t\r\n\t<\/div><\/div><\/div><\/div><div id=\"pg-387-1\"  class=\"panel-grid panel-has-style\" ><div class=\"siteorigin-panels-stretch panel-row-style panel-row-style-for-387-1\" style=\"background-image: url(https:\/\/volvobertone.com\/wordpress\/wp-content\/uploads\/2016\/01\/Background.jpg);padding: 50px 0; \" data-stretch-type=\"full\" data-hasbg=\"hasbg\" data-overlay=\"true\" ><div id=\"pgc-387-1-0\"  class=\"panel-grid-cell\" ><div id=\"panel-387-1-0-0\" class=\"so-panel widget_siteorigin-panels-builder panel-first-child panel-last-child\" data-index=\"1\" ><div id=\"pl-w56b1202d62974\"  class=\"panel-layout\" ><div id=\"pg-w56b1202d62974-0\"  class=\"panel-grid panel-has-style\" ><div style=\"color: #d63737;padding: 0px 0; \" data-hascolor=\"hascolor\" data-overlay=\"true\" class=\"panel-row-style panel-row-style-for-w56b1202d62974-0\" ><div id=\"pgc-w56b1202d62974-0-0\"  class=\"panel-grid-cell\" ><div id=\"panel-w56b1202d62974-0-0-0\" class=\"so-panel widget_text panel-first-child panel-last-child\" data-index=\"0\" ><h3 class=\"widget-title\">Voyez ce que nous avons \u00e0 offrir<\/h3>\t\t\t<div class=\"textwidget\"><\/div>\n\t\t<\/div><\/div><\/div><\/div><div id=\"pg-w56b1202d62974-1\"  class=\"panel-grid panel-has-style\" ><div style=\"color: #d63737;padding: 0px 0; \" data-hascolor=\"hascolor\" data-overlay=\"true\" class=\"panel-row-style panel-row-style-for-w56b1202d62974-1\" ><div id=\"pgc-w56b1202d62974-1-0\"  class=\"panel-grid-cell\" ><div id=\"panel-w56b1202d62974-1-0-0\" class=\"so-panel widget_sydney_action sydney_action_widget panel-first-child panel-last-child\" data-index=\"1\" ><div class=\"panel-widget-style panel-widget-style-for-w56b1202d62974-1-0-0\" >        <div class=\"roll-promobox \">\r\n\t\t\t<div class=\"promo-wrap\">\r\n\t\t\t\t\t\t\t\t<div class=\"promo-content\">\r\n\t\t\t\t\t<h3 class=\"title\">Vous trouverez ici toutes les photos<\/h3>\r\n\t\t\t\t<\/div>\r\n\t\t\t\t\t\t\t\t<div class=\"promo-controls\">\r\n\t\t\t\t\t<a href=\"http:\/\/www.volvobertone.com\/gallery2\/\" class=\"roll-button border\">album de photo&#039;s<\/a>\r\n\t\t\t\t<\/div>\r\n\t\t\t<\/div>\r\n        <\/div>\r\n\t<\/div><\/div><\/div><div id=\"pgc-w56b1202d62974-1-1\"  class=\"panel-grid-cell\" ><div id=\"panel-w56b1202d62974-1-1-0\" class=\"so-panel widget_sydney_action sydney_action_widget panel-first-child panel-last-child\" data-index=\"2\" ><div class=\"panel-widget-style panel-widget-style-for-w56b1202d62974-1-1-0\" >        <div class=\"roll-promobox \">\r\n\t\t\t<div class=\"promo-wrap\">\r\n\t\t\t\t\t\t\t\t<div class=\"promo-content\">\r\n\t\t\t\t\t<h3 class=\"title\">Formulaire pour les fils de Bertone<\/h3>\r\n\t\t\t\t<\/div>\r\n\t\t\t\t\t\t\t\t<div class=\"promo-controls\">\r\n\t\t\t\t\t<a href=\"http:\/\/volvobertone.com\/wordpress\/fr\/formulierenpagina-fr\/\" class=\"roll-button border\">Formulaire<\/a>\r\n\t\t\t\t<\/div>\r\n\t\t\t<\/div>\r\n        <\/div>\r\n\t<\/div><\/div><\/div><\/div><\/div><\/div><\/div><\/div><\/div><\/div><div id=\"pg-387-2\"  class=\"panel-grid panel-has-style\" ><div style=\"padding: 100px 0; \" data-overlay=\"true\" class=\"panel-row-style panel-row-style-for-387-2\" ><div id=\"pgc-387-2-0\"  class=\"panel-grid-cell\" ><div id=\"panel-387-2-0-0\" class=\"so-panel widget_sydney_latest_news sydney_latest_news_widget panel-first-child panel-last-child\" data-index=\"2\" >\t\t<h3 class=\"widget-title\">Derni\u00e8res nouvelles<\/h3>\r\n\t\t\t\t\t<div class=\"blog-post col-md-4 col-sm-6 col-xs-12\">\r\n\t\t\t\t\t\t\t<div class=\"entry-thumb\">\r\n\t\t\t\t\t<a href=\"https:\/\/volvobertone.com\/wordpress\/fr\/2016\/02\/02\/nous-batissons-un-nouveau-site\/\" title=\"Nous b\u00e2tissons un nouveau site!\">\r\n\t\t\t\t\t\t<img loading=\"lazy\" decoding=\"async\" width=\"550\" height=\"400\" src=\"https:\/\/volvobertone.com\/wordpress\/wp-content\/uploads\/2016\/01\/post5-550x400.jpg\" class=\"attachment-sydney-medium-thumb size-sydney-medium-thumb wp-post-image\" alt=\"\" \/>\t\t\t\t\t<\/a>\t\t\t\r\n\t\t\t\t<\/div>\t\r\n\t\t\t\t\t\t\t\t\t\r\n\t\t\t<h4 class=\"entry-title\"><a href=\"https:\/\/volvobertone.com\/wordpress\/fr\/2016\/02\/02\/nous-batissons-un-nouveau-site\/\" rel=\"bookmark\">Nous b\u00e2tissons un nouveau site!<\/a><\/h4>\t\t\t\t<div class=\"entry-summary\"><p>En Janvier 2016, a \u00e9t\u00e9 un d\u00e9but de revitaliser le site nouvelle vie Volvo Bertone et donner une nouvelle mise [&hellip;]<\/p>\n<\/div>\r\n\t\t\t<\/div>\r\n\t\t\t\t\t<div class=\"blog-post col-md-4 col-sm-6 col-xs-12\">\r\n\t\t\t\t\t\t\t<div class=\"entry-thumb\">\r\n\t\t\t\t\t<a href=\"https:\/\/volvobertone.com\/wordpress\/de\/2016\/02\/02\/wir-bauen-eine-neue-website\/\" title=\"Wir bauen eine neue Website!\">\r\n\t\t\t\t\t\t<img loading=\"lazy\" decoding=\"async\" width=\"550\" height=\"400\" src=\"https:\/\/volvobertone.com\/wordpress\/wp-content\/uploads\/2016\/01\/post5-550x400.jpg\" class=\"attachment-sydney-medium-thumb size-sydney-medium-thumb wp-post-image\" alt=\"\" \/>\t\t\t\t\t<\/a>\t\t\t\r\n\t\t\t\t<\/div>\t\r\n\t\t\t\t\t\t\t\t\t\r\n\t\t\t<h4 class=\"entry-title\"><a href=\"https:\/\/volvobertone.com\/wordpress\/de\/2016\/02\/02\/wir-bauen-eine-neue-website\/\" rel=\"bookmark\">Wir bauen eine neue Website!<\/a><\/h4>\t\t\t\t<div class=\"entry-summary\"><p>Wir bauen einen Start in den Volvo uber Bertone Ort neues Leben neu zu beleben und geben Sie ein neues [&hellip;]<\/p>\n<\/div>\r\n\t\t\t<\/div>\r\n\t\t\t\t\t<div class=\"blog-post col-md-4 col-sm-6 col-xs-12\">\r\n\t\t\t\t\t\t\t<div class=\"entry-thumb\">\r\n\t\t\t\t\t<a href=\"https:\/\/volvobertone.com\/wordpress\/en\/2016\/02\/02\/we-are-building-a-new-site\/\" title=\"We are building a new site!\">\r\n\t\t\t\t\t\t<img loading=\"lazy\" decoding=\"async\" width=\"550\" height=\"400\" src=\"https:\/\/volvobertone.com\/wordpress\/wp-content\/uploads\/2016\/01\/post5-550x400.jpg\" class=\"attachment-sydney-medium-thumb size-sydney-medium-thumb wp-post-image\" alt=\"\" \/>\t\t\t\t\t<\/a>\t\t\t\r\n\t\t\t\t<\/div>\t\r\n\t\t\t\t\t\t\t\t\t\r\n\t\t\t<h4 class=\"entry-title\"><a href=\"https:\/\/volvobertone.com\/wordpress\/en\/2016\/02\/02\/we-are-building-a-new-site\/\" rel=\"bookmark\">We are building a new site!<\/a><\/h4>\t\t\t\t<div class=\"entry-summary\"><p>In January 2016 there has been a start to revitalize the Volvo Bertone site new life and give a new [&hellip;]<\/p>\n<\/div>\r\n\t\t\t<\/div>\r\n\t\t\r\n\t\t\t\t\t\t\t<a href=\"https:\/\/volvobertone.com\/wordpress\/blog\/\" class=\"roll-button more-button\">Zie al ons nieuws<\/a>\r\n\t\t\t\t\r\n\t<\/div><\/div><\/div><\/div><div id=\"pg-387-3\"  class=\"panel-grid panel-has-style\" ><div class=\"siteorigin-panels-stretch panel-row-style panel-row-style-for-387-3\" style=\"padding: 30px 0; \" data-stretch-type=\"full\" data-overlay=\"true\" ><div id=\"pgc-387-3-0\"  class=\"panel-grid-cell\" ><div id=\"panel-387-3-0-0\" class=\"so-panel widget_sydney_action sydney_action_widget panel-first-child panel-last-child\" data-index=\"3\" >        <div class=\"roll-promobox aside-style\">\r\n\t\t\t<div class=\"promo-wrap\">\r\n\t\t\t\t\t\t\t\t<div class=\"promo-content\">\r\n\t\t\t\t\t<h3 class=\"title\">Nous aimons Volvo &amp; Bertone et ce que nous faisons<\/h3>\r\n\t\t\t\t<\/div>\r\n\t\t\t\t\t\t\t\t<div class=\"promo-controls\">\r\n\t\t\t\t\t<a href=\"http:\/\/volvobertone.com\/wordpress\/fr\/artikel-fr\/\" class=\"roll-button border\">Histoires de r\u00e9ussite<\/a>\r\n\t\t\t\t<\/div>\r\n\t\t\t<\/div>\r\n        <\/div>\r\n\t<\/div><\/div><\/div><\/div><div id=\"pg-387-4\"  class=\"panel-grid panel-has-style\" ><div class=\"siteorigin-panels-stretch panel-row-style panel-row-style-for-387-4\" style=\"padding: 10px 0; \" data-stretch-type=\"full\" data-overlay=\"true\" ><div id=\"pgc-387-4-0\"  class=\"panel-grid-cell\" ><div id=\"panel-387-4-0-0\" class=\"so-panel widget_sow-social-media-buttons panel-first-child panel-last-child\" data-index=\"4\" ><div\n\t\t\t\n\t\t\tclass=\"so-widget-sow-social-media-buttons so-widget-sow-social-media-buttons-flat-6ab801bf2b74-718\"\n\t\t\t\n\t\t>\n\n<div class=\"social-media-button-container\">\n\t\n\t\t<a \n\t\tclass=\"ow-button-hover sow-social-media-button-facebook-0 sow-social-media-button\" title=\" op Facebook\" aria-label=\" op Facebook\" target=\"_blank\" rel=\"noopener noreferrer\" href=\"https:\/\/www.facebook.com\/Volvobertonecom-904884196233939\/\" \t\t>\n\t\t\t<span>\n\t\t\t\t\t\t\t\t<span class=\"sow-icon-fontawesome sow-fab\" data-sow-icon=\"&#xf39e;\"\n\t\t \n\t\taria-hidden=\"true\"><\/span>\t\t\t\t\t\t\t<\/span>\n\t\t<\/a>\n\t\n\t\t<a \n\t\tclass=\"ow-button-hover sow-social-media-button-x-twitter-0 sow-social-media-button\" title=\" op X Twitter\" aria-label=\" op X Twitter\" target=\"_blank\" rel=\"noopener noreferrer\" href=\"https:\/\/twitter.com\/\" \t\t>\n\t\t\t<span>\n\t\t\t\t\t\t\t\t<span class=\"sow-icon-fontawesome sow-fab\" data-sow-icon=\"&#xe61b;\"\n\t\t \n\t\taria-hidden=\"true\"><\/span>\t\t\t\t\t\t\t<\/span>\n\t\t<\/a>\n\t\n\t\t<a \n\t\tclass=\"ow-button-hover sow-social-media-button-google-0 sow-social-media-button\" title=\" op Google\" aria-label=\" op Google\" target=\"_blank\" rel=\"noopener noreferrer\" href=\"https:\/\/plus.google.com\/\" \t\t>\n\t\t\t<span>\n\t\t\t\t\t\t\t\t<span class=\"sow-icon-fontawesome sow-fab\" data-sow-icon=\"&#xf1a0;\"\n\t\t \n\t\taria-hidden=\"true\"><\/span>\t\t\t\t\t\t\t<\/span>\n\t\t<\/a>\n\t\n\t\t<a \n\t\tclass=\"ow-button-hover sow-social-media-button-linkedin-0 sow-social-media-button\" title=\" op Linkedin\" aria-label=\" op Linkedin\" target=\"_blank\" rel=\"noopener noreferrer\" href=\"https:\/\/www.linkedin.com\/\" \t\t>\n\t\t\t<span>\n\t\t\t\t\t\t\t\t<span class=\"sow-icon-fontawesome sow-fab\" data-sow-icon=\"&#xf0e1;\"\n\t\t \n\t\taria-hidden=\"true\"><\/span>\t\t\t\t\t\t\t<\/span>\n\t\t<\/a>\n\t<\/div>\n<\/div><\/div><\/div><\/div><\/div><\/div>","protected":false},"excerpt":{"rendered":"<p>Service &nbsp; Database 780 Num\u00e9ros de ch\u00e2ssis de base de donn\u00e9es mod\u00e8le\u00a0780 &nbsp; Database 264TE Num\u00e9ros de ch\u00e2ssis de base [&hellip;]<\/p>\n","protected":false},"author":1,"featured_media":0,"parent":0,"menu_order":0,"comment_status":"closed","ping_status":"closed","template":"page-templates\/page_front-page.php","meta":{"footnotes":""},"class_list":["post-387","page","type-page","status-publish","hentry"],"_links":{"self":[{"href":"https:\/\/volvobertone.com\/wordpress\/wp-json\/wp\/v2\/pages\/387","targetHints":{"allow":["GET"]}}],"collection":[{"href":"https:\/\/volvobertone.com\/wordpress\/wp-json\/wp\/v2\/pages"}],"about":[{"href":"https:\/\/volvobertone.com\/wordpress\/wp-json\/wp\/v2\/types\/page"}],"author":[{"embeddable":true,"href":"https:\/\/volvobertone.com\/wordpress\/wp-json\/wp\/v2\/users\/1"}],"replies":[{"embeddable":true,"href":"https:\/\/volvobertone.com\/wordpress\/wp-json\/wp\/v2\/comments?post=387"}],"version-history":[{"count":11,"href":"https:\/\/volvobertone.com\/wordpress\/wp-json\/wp\/v2\/pages\/387\/revisions"}],"predecessor-version":[{"id":903,"href":"https:\/\/volvobertone.com\/wordpress\/wp-json\/wp\/v2\/pages\/387\/revisions\/903"}],"wp:attachment":[{"href":"https:\/\/volvobertone.com\/wordpress\/wp-json\/wp\/v2\/media?parent=387"}],"curies":[{"name":"wp","href":"https:\/\/api.w.org\/{rel}","templated":true}]}}