{"id":211,"date":"2016-01-20T16:09:57","date_gmt":"2016-01-20T16:09:57","guid":{"rendered":"http:\/\/volvobertone.com\/wordpress\/?page_id=211"},"modified":"2016-02-04T22:29:30","modified_gmt":"2016-02-04T22:29:30","slug":"home-de","status":"publish","type":"page","link":"https:\/\/volvobertone.com\/wordpress\/de\/home-de\/","title":{"rendered":"Home"},"content":{"rendered":"<div id=\"pl-211\"  class=\"panel-layout\" ><div id=\"pg-211-0\"  class=\"panel-grid panel-has-style\" ><div style=\"padding: 100px 0; \" data-overlay=\"true\" class=\"panel-row-style panel-row-style-for-211-0\" ><div id=\"pgc-211-0-0\"  class=\"panel-grid-cell\" ><div id=\"panel-211-0-0-0\" class=\"so-panel widget_sydney_services_type_a sydney_services_widget panel-first-child panel-last-child\" data-index=\"0\" >\t\t\t<h3 class=\"widget-title\">Service<\/h3>\r\n\t\t\t\t\t\t\t\t\t\t\t\t\t\t\t\t\t\t\t<div class=\"service col-md-4\">\r\n\t\t\t\t\t\t\t\t\t<div class=\"roll-icon-box\">\r\n\t\t\t\t\t\t\t\t\t\r\n\t\t\t\t\t\t\t<div class=\"icon\">\r\n\t\t\t\t\t\t\t\t\t\t\t\t\t\t\t\t\t<a href=\"http:\/\/www.volvobertone.com\/264form.html\"><i class=\"fa fa-users [\uf0c0]\"><\/i><\/a>\t\t\t\t\t\t\t\t\t\t\t\t\t\t\t<\/div>\r\n\t\t\t\t\t\t\t\t\t\t\t\t<div class=\"content\">\r\n\t\t\t\t\t\t\t<h3>\r\n\t\t\t\t\t\t\t\t\t\t\t\t\t\t\t\t\t<a href=\"http:\/\/www.volvobertone.com\/264form.html\">Database 264TE<\/a>\r\n\t\t\t\t\t\t\t\t\t\t\t\t\t\t\t<\/h3>\r\n\t\t\t\t\t\t\t\t\t\t\t\t\t\t\t\r\n\t\t\t\t\t\t\t\t<p>Fahrgestell-Nummern Datenbank Modell 264TE<\/p>\n\t\t\t\t\t\t\t\t\t\t\t\t\t<\/div><!--.info-->\t\r\n\t\t\t\t\t<\/div>\r\n\t\t\t\t<\/div>\r\n\t\t\t\t\t\t\t\t\t\t\t\t\t\t\t\t\t\t\t<div class=\"service col-md-4\">\r\n\t\t\t\t\t\t\t\t\t<div class=\"roll-icon-box\">\r\n\t\t\t\t\t\t\t\t\t\r\n\t\t\t\t\t\t\t<div class=\"icon\">\r\n\t\t\t\t\t\t\t\t\t\t\t\t\t\t\t\t\t<a href=\"http:\/\/www.volvobertone.com\/780form.html\"><i class=\"fa fa-users [\uf0c0]\"><\/i><\/a>\t\t\t\t\t\t\t\t\t\t\t\t\t\t\t<\/div>\r\n\t\t\t\t\t\t\t\t\t\t\t\t<div class=\"content\">\r\n\t\t\t\t\t\t\t<h3>\r\n\t\t\t\t\t\t\t\t\t\t\t\t\t\t\t\t\t<a href=\"http:\/\/www.volvobertone.com\/780form.html\">Database 780<\/a>\r\n\t\t\t\t\t\t\t\t\t\t\t\t\t\t\t<\/h3>\r\n\t\t\t\t\t\t\t\t\t\t\t\t\t\t\t\r\n\t\t\t\t\t\t\t\t<p>Fahrgestell-Nummern Datenbank Modell\u00a0780<\/p>\n\t\t\t\t\t\t\t\t\t\t\t\t\t<\/div><!--.info-->\t\r\n\t\t\t\t\t<\/div>\r\n\t\t\t\t<\/div>\r\n\t\t\t\t\t\t\t\t\t\t\t\t\t\t\t\t\t\t\t<div class=\"service col-md-4\">\r\n\t\t\t\t\t\t\t\t\t<div class=\"roll-icon-box\">\r\n\t\t\t\t\t\t\t\t\t\r\n\t\t\t\t\t\t\t<div class=\"icon\">\r\n\t\t\t\t\t\t\t\t\t\t\t\t\t\t\t\t\t<a href=\"http:\/\/www.volvobertone.com\/262form.html\"><i class=\"fa fa-users [\uf0c0]\"><\/i><\/a>\t\t\t\t\t\t\t\t\t\t\t\t\t\t\t<\/div>\r\n\t\t\t\t\t\t\t\t\t\t\t\t<div class=\"content\">\r\n\t\t\t\t\t\t\t<h3>\r\n\t\t\t\t\t\t\t\t\t\t\t\t\t\t\t\t\t<a href=\"http:\/\/www.volvobertone.com\/262form.html\">Database 262C<\/a>\r\n\t\t\t\t\t\t\t\t\t\t\t\t\t\t\t<\/h3>\r\n\t\t\t\t\t\t\t\t\t\t\t\t\t\t\t\r\n\t\t\t\t\t\t\t\t<p>Fahrgestell-Nummern Datenbank Modell 262 c<\/p>\n\t\t\t\t\t\t\t\t\t\t\t\t\t<\/div><!--.info-->\t\r\n\t\t\t\t\t<\/div>\r\n\t\t\t\t<\/div>\r\n\t\t\t\r\n\t\t\t\t\t\t\t\r\n\t<\/div><\/div><\/div><\/div><div id=\"pg-211-1\"  class=\"panel-grid panel-has-style\" ><div class=\"siteorigin-panels-stretch panel-row-style panel-row-style-for-211-1\" style=\"background-image: url(https:\/\/volvobertone.com\/wordpress\/wp-content\/uploads\/2016\/01\/Background.jpg);padding: 50px 0; \" data-stretch-type=\"full\" data-hasbg=\"hasbg\" data-overlay=\"true\" ><div id=\"pgc-211-1-0\"  class=\"panel-grid-cell\" ><div id=\"panel-211-1-0-0\" class=\"so-panel widget_siteorigin-panels-builder panel-first-child panel-last-child\" data-index=\"1\" ><div id=\"pl-w56b22b8986594\"  class=\"panel-layout\" ><div id=\"pg-w56b22b8986594-0\"  class=\"panel-grid panel-has-style\" ><div style=\"color: #d63737;padding: 0px 0; \" data-hascolor=\"hascolor\" data-overlay=\"true\" class=\"panel-row-style panel-row-style-for-w56b22b8986594-0\" ><div id=\"pgc-w56b22b8986594-0-0\"  class=\"panel-grid-cell\" ><div id=\"panel-w56b22b8986594-0-0-0\" class=\"so-panel widget_text panel-first-child panel-last-child\" data-index=\"0\" ><h3 class=\"widget-title\">Sehen Sie, Was Wir zu bieten haben<\/h3>\t\t\t<div class=\"textwidget\"><\/div>\n\t\t<\/div><\/div><\/div><\/div><div id=\"pg-w56b22b8986594-1\"  class=\"panel-grid panel-has-style\" ><div style=\"color: #d63737;padding: 0px 0; \" data-hascolor=\"hascolor\" data-overlay=\"true\" class=\"panel-row-style panel-row-style-for-w56b22b8986594-1\" ><div id=\"pgc-w56b22b8986594-1-0\"  class=\"panel-grid-cell\" ><div id=\"panel-w56b22b8986594-1-0-0\" class=\"so-panel widget_sydney_action sydney_action_widget panel-first-child panel-last-child\" data-index=\"1\" ><div class=\"panel-widget-style panel-widget-style-for-w56b22b8986594-1-0-0\" >        <div class=\"roll-promobox \">\r\n\t\t\t<div class=\"promo-wrap\">\r\n\t\t\t\t\t\t\t\t<div class=\"promo-content\">\r\n\t\t\t\t\t<h3 class=\"title\">Hier finden Sie alle Fotos<\/h3>\r\n\t\t\t\t<\/div>\r\n\t\t\t\t\t\t\t\t<div class=\"promo-controls\">\r\n\t\t\t\t\t<a href=\"http:\/\/www.volvobertone.com\/gallery2\/\" class=\"roll-button border\">Foto-Galerie<\/a>\r\n\t\t\t\t<\/div>\r\n\t\t\t<\/div>\r\n        <\/div>\r\n\t<\/div><\/div><\/div><div id=\"pgc-w56b22b8986594-1-1\"  class=\"panel-grid-cell\" ><div id=\"panel-w56b22b8986594-1-1-0\" class=\"so-panel widget_sydney_action sydney_action_widget panel-first-child panel-last-child\" data-index=\"2\" ><div class=\"panel-widget-style panel-widget-style-for-w56b22b8986594-1-1-0\" >        <div class=\"roll-promobox \">\r\n\t\t\t<div class=\"promo-wrap\">\r\n\t\t\t\t\t\t\t\t<div class=\"promo-content\">\r\n\t\t\t\t\t<h3 class=\"title\">Anmeldeformular f\u00fcr das Register<\/h3>\r\n\t\t\t\t<\/div>\r\n\t\t\t\t\t\t\t\t<div class=\"promo-controls\">\r\n\t\t\t\t\t<a href=\"http:\/\/volvobertone.com\/wordpress\/de\/formulierenpagina-de\/\" class=\"roll-button border\">Anmelden<\/a>\r\n\t\t\t\t<\/div>\r\n\t\t\t<\/div>\r\n        <\/div>\r\n\t<\/div><\/div><\/div><\/div><\/div><\/div><\/div><\/div><\/div><\/div><div id=\"pg-211-2\"  class=\"panel-grid panel-has-style\" ><div style=\"padding: 100px 0; \" data-overlay=\"true\" class=\"panel-row-style panel-row-style-for-211-2\" ><div id=\"pgc-211-2-0\"  class=\"panel-grid-cell\" ><div id=\"panel-211-2-0-0\" class=\"so-panel widget_sydney_latest_news sydney_latest_news_widget panel-first-child panel-last-child\" data-index=\"2\" >\t\t<h3 class=\"widget-title\">Aktuelle news<\/h3>\r\n\t\t\t\t\t<div class=\"blog-post col-md-4 col-sm-6 col-xs-12\">\r\n\t\t\t\t\t\t\t<div class=\"entry-thumb\">\r\n\t\t\t\t\t<a href=\"https:\/\/volvobertone.com\/wordpress\/fr\/2016\/02\/02\/nous-batissons-un-nouveau-site\/\" title=\"Nous b\u00e2tissons un nouveau site!\">\r\n\t\t\t\t\t\t<img loading=\"lazy\" decoding=\"async\" width=\"550\" height=\"400\" src=\"https:\/\/volvobertone.com\/wordpress\/wp-content\/uploads\/2016\/01\/post5-550x400.jpg\" class=\"attachment-sydney-medium-thumb size-sydney-medium-thumb wp-post-image\" alt=\"\" \/>\t\t\t\t\t<\/a>\t\t\t\r\n\t\t\t\t<\/div>\t\r\n\t\t\t\t\t\t\t\t\t\r\n\t\t\t<h4 class=\"entry-title\"><a href=\"https:\/\/volvobertone.com\/wordpress\/fr\/2016\/02\/02\/nous-batissons-un-nouveau-site\/\" rel=\"bookmark\">Nous b\u00e2tissons un nouveau site!<\/a><\/h4>\t\t\t\t<div class=\"entry-summary\"><p>En Janvier 2016, a \u00e9t\u00e9 un d\u00e9but de revitaliser le site nouvelle vie Volvo Bertone et donner une nouvelle mise [&hellip;]<\/p>\n<\/div>\r\n\t\t\t<\/div>\r\n\t\t\t\t\t<div class=\"blog-post col-md-4 col-sm-6 col-xs-12\">\r\n\t\t\t\t\t\t\t<div class=\"entry-thumb\">\r\n\t\t\t\t\t<a href=\"https:\/\/volvobertone.com\/wordpress\/de\/2016\/02\/02\/wir-bauen-eine-neue-website\/\" title=\"Wir bauen eine neue Website!\">\r\n\t\t\t\t\t\t<img loading=\"lazy\" decoding=\"async\" width=\"550\" height=\"400\" src=\"https:\/\/volvobertone.com\/wordpress\/wp-content\/uploads\/2016\/01\/post5-550x400.jpg\" class=\"attachment-sydney-medium-thumb size-sydney-medium-thumb wp-post-image\" alt=\"\" \/>\t\t\t\t\t<\/a>\t\t\t\r\n\t\t\t\t<\/div>\t\r\n\t\t\t\t\t\t\t\t\t\r\n\t\t\t<h4 class=\"entry-title\"><a href=\"https:\/\/volvobertone.com\/wordpress\/de\/2016\/02\/02\/wir-bauen-eine-neue-website\/\" rel=\"bookmark\">Wir bauen eine neue Website!<\/a><\/h4>\t\t\t\t<div class=\"entry-summary\"><p>Wir bauen einen Start in den Volvo uber Bertone Ort neues Leben neu zu beleben und geben Sie ein neues [&hellip;]<\/p>\n<\/div>\r\n\t\t\t<\/div>\r\n\t\t\t\t\t<div class=\"blog-post col-md-4 col-sm-6 col-xs-12\">\r\n\t\t\t\t\t\t\t<div class=\"entry-thumb\">\r\n\t\t\t\t\t<a href=\"https:\/\/volvobertone.com\/wordpress\/en\/2016\/02\/02\/we-are-building-a-new-site\/\" title=\"We are building a new site!\">\r\n\t\t\t\t\t\t<img loading=\"lazy\" decoding=\"async\" width=\"550\" height=\"400\" src=\"https:\/\/volvobertone.com\/wordpress\/wp-content\/uploads\/2016\/01\/post5-550x400.jpg\" class=\"attachment-sydney-medium-thumb size-sydney-medium-thumb wp-post-image\" alt=\"\" \/>\t\t\t\t\t<\/a>\t\t\t\r\n\t\t\t\t<\/div>\t\r\n\t\t\t\t\t\t\t\t\t\r\n\t\t\t<h4 class=\"entry-title\"><a href=\"https:\/\/volvobertone.com\/wordpress\/en\/2016\/02\/02\/we-are-building-a-new-site\/\" rel=\"bookmark\">We are building a new site!<\/a><\/h4>\t\t\t\t<div class=\"entry-summary\"><p>In January 2016 there has been a start to revitalize the Volvo Bertone site new life and give a new [&hellip;]<\/p>\n<\/div>\r\n\t\t\t<\/div>\r\n\t\t\r\n\t\t\t\t\t\t\t<a href=\"https:\/\/volvobertone.com\/wordpress\/blog\/\" class=\"roll-button more-button\">Zie al ons nieuws<\/a>\r\n\t\t\t\t\r\n\t<\/div><\/div><\/div><\/div><div id=\"pg-211-3\"  class=\"panel-grid panel-has-style\" ><div class=\"siteorigin-panels-stretch panel-row-style panel-row-style-for-211-3\" style=\"padding: 30px 0; \" data-stretch-type=\"full\" data-overlay=\"true\" ><div id=\"pgc-211-3-0\"  class=\"panel-grid-cell\" ><div id=\"panel-211-3-0-0\" class=\"so-panel widget_sydney_action sydney_action_widget panel-first-child panel-last-child\" data-index=\"3\" >        <div class=\"roll-promobox aside-style\">\r\n\t\t\t<div class=\"promo-wrap\">\r\n\t\t\t\t\t\t\t\t<div class=\"promo-content\">\r\n\t\t\t\t\t<h3 class=\"title\">Wir lieben Volvo &amp; Bertone was wir auch tun<\/h3>\r\n\t\t\t\t<\/div>\r\n\t\t\t\t\t\t\t\t<div class=\"promo-controls\">\r\n\t\t\t\t\t<a href=\"\" class=\"roll-button border\">Erfolgsgeschichten<\/a>\r\n\t\t\t\t<\/div>\r\n\t\t\t<\/div>\r\n        <\/div>\r\n\t<\/div><\/div><\/div><\/div><div id=\"pg-211-4\"  class=\"panel-grid panel-has-style\" ><div class=\"siteorigin-panels-stretch panel-row-style panel-row-style-for-211-4\" style=\"padding: 10px 0; \" data-stretch-type=\"full\" data-overlay=\"true\" ><div id=\"pgc-211-4-0\"  class=\"panel-grid-cell\" ><div id=\"panel-211-4-0-0\" class=\"so-panel widget_sow-social-media-buttons panel-first-child panel-last-child\" data-index=\"4\" ><div\n\t\t\t\n\t\t\tclass=\"so-widget-sow-social-media-buttons so-widget-sow-social-media-buttons-flat-6ab801bf2b74-718\"\n\t\t\t\n\t\t>\n\n<div class=\"social-media-button-container\">\n\t\n\t\t<a \n\t\tclass=\"ow-button-hover sow-social-media-button-facebook-0 sow-social-media-button\" title=\" op Facebook\" aria-label=\" op Facebook\" target=\"_blank\" rel=\"noopener noreferrer\" href=\"https:\/\/www.facebook.com\/Volvobertonecom-904884196233939\/\" \t\t>\n\t\t\t<span>\n\t\t\t\t\t\t\t\t<span class=\"sow-icon-fontawesome sow-fab\" data-sow-icon=\"&#xf39e;\"\n\t\t \n\t\taria-hidden=\"true\"><\/span>\t\t\t\t\t\t\t<\/span>\n\t\t<\/a>\n\t\n\t\t<a \n\t\tclass=\"ow-button-hover sow-social-media-button-x-twitter-0 sow-social-media-button\" title=\" op X Twitter\" aria-label=\" op X Twitter\" target=\"_blank\" rel=\"noopener noreferrer\" href=\"https:\/\/twitter.com\/\" \t\t>\n\t\t\t<span>\n\t\t\t\t\t\t\t\t<span class=\"sow-icon-fontawesome sow-fab\" data-sow-icon=\"&#xe61b;\"\n\t\t \n\t\taria-hidden=\"true\"><\/span>\t\t\t\t\t\t\t<\/span>\n\t\t<\/a>\n\t\n\t\t<a \n\t\tclass=\"ow-button-hover sow-social-media-button-google-0 sow-social-media-button\" title=\" op Google\" aria-label=\" op Google\" target=\"_blank\" rel=\"noopener noreferrer\" href=\"https:\/\/plus.google.com\/\" \t\t>\n\t\t\t<span>\n\t\t\t\t\t\t\t\t<span class=\"sow-icon-fontawesome sow-fab\" data-sow-icon=\"&#xf1a0;\"\n\t\t \n\t\taria-hidden=\"true\"><\/span>\t\t\t\t\t\t\t<\/span>\n\t\t<\/a>\n\t\n\t\t<a \n\t\tclass=\"ow-button-hover sow-social-media-button-linkedin-0 sow-social-media-button\" title=\" op Linkedin\" aria-label=\" op Linkedin\" target=\"_blank\" rel=\"noopener noreferrer\" href=\"https:\/\/www.linkedin.com\/\" \t\t>\n\t\t\t<span>\n\t\t\t\t\t\t\t\t<span class=\"sow-icon-fontawesome sow-fab\" data-sow-icon=\"&#xf0e1;\"\n\t\t \n\t\taria-hidden=\"true\"><\/span>\t\t\t\t\t\t\t<\/span>\n\t\t<\/a>\n\t<\/div>\n<\/div><\/div><\/div><\/div><\/div><\/div>","protected":false},"excerpt":{"rendered":"<p>Service &nbsp; Database 264TE Fahrgestell-Nummern Datenbank Modell 264TE Database 780 Fahrgestell-Nummern Datenbank Modell\u00a0780 Database 262C Fahrgestell-Nummern Datenbank Modell 262 c [&hellip;]<\/p>\n","protected":false},"author":1,"featured_media":0,"parent":0,"menu_order":0,"comment_status":"closed","ping_status":"closed","template":"page-templates\/page_front-page.php","meta":{"footnotes":""},"class_list":["post-211","page","type-page","status-publish","hentry"],"_links":{"self":[{"href":"https:\/\/volvobertone.com\/wordpress\/wp-json\/wp\/v2\/pages\/211","targetHints":{"allow":["GET"]}}],"collection":[{"href":"https:\/\/volvobertone.com\/wordpress\/wp-json\/wp\/v2\/pages"}],"about":[{"href":"https:\/\/volvobertone.com\/wordpress\/wp-json\/wp\/v2\/types\/page"}],"author":[{"embeddable":true,"href":"https:\/\/volvobertone.com\/wordpress\/wp-json\/wp\/v2\/users\/1"}],"replies":[{"embeddable":true,"href":"https:\/\/volvobertone.com\/wordpress\/wp-json\/wp\/v2\/comments?post=211"}],"version-history":[{"count":14,"href":"https:\/\/volvobertone.com\/wordpress\/wp-json\/wp\/v2\/pages\/211\/revisions"}],"predecessor-version":[{"id":905,"href":"https:\/\/volvobertone.com\/wordpress\/wp-json\/wp\/v2\/pages\/211\/revisions\/905"}],"wp:attachment":[{"href":"https:\/\/volvobertone.com\/wordpress\/wp-json\/wp\/v2\/media?parent=211"}],"curies":[{"name":"wp","href":"https:\/\/api.w.org\/{rel}","templated":true}]}}