{"id":1190,"date":"2016-03-24T21:59:01","date_gmt":"2016-03-24T21:59:01","guid":{"rendered":"http:\/\/volvobertone.com\/wordpress\/?page_id=1190"},"modified":"2016-05-03T20:16:35","modified_gmt":"2016-05-03T20:16:35","slug":"2frastory","status":"publish","type":"page","link":"https:\/\/volvobertone.com\/wordpress\/fr\/2frastory\/","title":{"rendered":"2frastory"},"content":{"rendered":"<div id=\"pl-1190\"  class=\"panel-layout\" ><div id=\"pg-1190-0\"  class=\"panel-grid panel-has-style\" ><div style=\"padding: 100px 0; \" data-overlay=\"true\" class=\"panel-row-style panel-row-style-for-1190-0\" ><div id=\"pgc-1190-0-0\"  class=\"panel-grid-cell\" ><div id=\"panel-1190-0-0-0\" class=\"so-panel widget_black-studio-tinymce widget_black_studio_tinymce panel-first-child panel-last-child\" data-index=\"0\" ><h3 class=\"widget-title\">La palette des couleurs des Volvo 262 C Bertone.<\/h3><div class=\"textwidget\"><p>\u00a0<\/p>\n<p>Le 14 avril 1977, Volvo c\u00e9l\u00e8bre ses cinquante ans d'existence.<br \/> Cet anniversaire ne pouvait passer inaper\u00e7u.<br \/> Deux versions sp\u00e9ciales, sur base de Volvo 244 et 264 GL, furent fabriqu\u00e9es en s\u00e9rie limit\u00e9e.<br \/> Les carrosseries argent <a href=\"palet262.html#fra\">m\u00e9tallis\u00e9<\/a> -coleur tout \u00e0 fait nouvelle<br \/> dans le programme Volvo -furent d\u00e9cor\u00e9es d'une ligne or et noir sur les flancs de la voiture<br \/> et les emble\u00e9mes remplac\u00e9s par celui ovale du jubil\u00e9, l'interieur garni d'un tissu en velours bleu.<\/p>\n<p>Egalement dans cette ann\u00e9e jubilaire, la Volco 262 C frut pr\u00e9sent\u00e9e au Salon de Gen\u00e9ve au mons de mars.<br \/> La th\u00e8se selon la voiture du Jubil\u00e9 n'\u00e9tait pas tout \u00e0 fait exacte. Elle \u00e9tait plut\u00f4t envisag\u00e9e pour<br \/> combler le vide apparu suite \u00e0 l'arr\u00eat de production de la Volvo P1800 ES en 1973.<br \/> Le plus classique des \u00e9quipements des 262 C est celui des deux premi\u00e9res ann\u00e9es de produktion,<br \/> \u00e0 savoir 1977 et 1978<\/p>\n<p><img loading=\"lazy\" decoding=\"async\" class=\"wp-image-1197 alignleft\" src=\"http:\/\/volvobertone.com\/wordpress\/wp-content\/uploads\/2016\/03\/1979eur-300x126.jpg\" alt=\"1979eur\" width=\"517\" height=\"217\" srcset=\"https:\/\/volvobertone.com\/wordpress\/wp-content\/uploads\/2016\/03\/1979eur-300x126.jpg 300w, https:\/\/volvobertone.com\/wordpress\/wp-content\/uploads\/2016\/03\/1979eur-768x323.jpg 768w, https:\/\/volvobertone.com\/wordpress\/wp-content\/uploads\/2016\/03\/1979eur-230x97.jpg 230w, https:\/\/volvobertone.com\/wordpress\/wp-content\/uploads\/2016\/03\/1979eur-350x147.jpg 350w, https:\/\/volvobertone.com\/wordpress\/wp-content\/uploads\/2016\/03\/1979eur.jpg 812w\" sizes=\"auto, (max-width: 517px) 100vw, 517px\" \/><\/p>\n<p>\u00a0<\/p>\n<p>\u00a0<\/p>\n<p>\u00a0<\/p>\n<p>\u00a0<\/p>\n<p>\u00a0<\/p>\n<p>\u00a0<\/p>\n<p>\u00a0<\/p>\n<p>Une carrosserie gris avec toit en vinyl noir.<br \/>Une nuance qui fut disponible jusque la fin de la production en 1981.<br \/>En 1979, la gamma des coleurs fut \u00e9largie avec une couleur or m\u00e9tallis\u00e9 y-compris le toit.<br \/> Vu le faible chiffre de prodution, il \u00e9tait possible d'ex\u00e9cuter des commandes sp\u00e9ciales.<br \/> Ainsi en 1980, un certain nombre de 262 Cont \u00e9t\u00e9 livr\u00e9es avec une carrosserie brun fonc\u00e9 m\u00e9tallise<br \/> et toit or <a href=\"palet262.html#fra\">m\u00e9tallis\u00e9. <\/a><br \/> Dans sa derni\u00e9re ann\u00e9e de vente, 1981 le client avait le choix entre 3 teintes de carosserie:<\/p>\n<p>- argent m\u00e9tallis\u00e9 avectoit noir,<br \/> - bleu clair m\u00e9tallis\u00e9,<br \/> - noir.<br \/><img loading=\"lazy\" decoding=\"async\" class=\"alignnone size-medium wp-image-1198\" src=\"http:\/\/volvobertone.com\/wordpress\/wp-content\/uploads\/2016\/03\/red262-300x128.jpg\" alt=\"red262\" width=\"300\" height=\"128\" srcset=\"https:\/\/volvobertone.com\/wordpress\/wp-content\/uploads\/2016\/03\/red262-300x128.jpg 300w, https:\/\/volvobertone.com\/wordpress\/wp-content\/uploads\/2016\/03\/red262-230x98.jpg 230w, https:\/\/volvobertone.com\/wordpress\/wp-content\/uploads\/2016\/03\/red262.jpg 315w\" sizes=\"auto, (max-width: 300px) 100vw, 300px\" \/><a href=\"palet262.html#rouge\" target=\"rechts\">*<\/a><a name=\"rouge\"><\/a><br \/>La plus grande partie des productions exclusives de 262 C \u00e9tait destin\u00e9e \u00e0 la Direction<br \/> G\u00e9n\u00e9rale de AB Volvo monsieur Pehr G. Gyllenhammer.<br \/> En 1981, il s'offrit une 262 C rouge au look \"Turbo\". Toutes les pi\u00e9ces chrom\u00e9es furent remplac\u00e9es<br \/> par des pi\u00e9ces noires mattes: calandre, garnitures de fen\u00eatres, moulures. Le look \"Turbo\" alla jusqu'aux roues<br \/> elles-m\u00eames: des jantes de 15 pouces avec pneus taille basse.<br \/> Cette 262 C rouge fut apr\u00e9s ses ann\u00e9es de service offerte \u00e0 la <a href=\"http:\/\/www.volvo.com\/group\/global\/en-gb\/Volvo+Group\/history\/museums\/volvomuseum.htm\" target=\"rechts\">collection Volvo.<\/a><\/p>\n<p>Cette collection histrique ayant \u00e9t\u00e9 produit par Volvo ainsi qu'un grand nombre de prototypes ayant servi \u00e0<br \/> la recherche.<\/p>\n<p>\u00a0<\/p>\n<p><strong>Uitlaat, une \u00e9dition du Swedish Car Club Belgium a.s.b.l. September 1997<\/strong><\/p>\n<p>\u00a0<\/p>\n<\/div><\/div><\/div><\/div><\/div><div id=\"pg-1190-1\"  class=\"panel-grid panel-has-style\" ><div class=\"siteorigin-panels-stretch panel-row-style panel-row-style-for-1190-1\" style=\"padding: 10px 0; \" data-stretch-type=\"full\" data-overlay=\"true\" ><div id=\"pgc-1190-1-0\"  class=\"panel-grid-cell\" ><div id=\"panel-1190-1-0-0\" class=\"so-panel widget_sydney_action sydney_action_widget panel-first-child panel-last-child\" data-index=\"1\" >        <div class=\"roll-promobox aside-style\">\r\n\t\t\t<div class=\"promo-wrap\">\r\n\t\t\t\t\t\t\t\t<div class=\"promo-controls\">\r\n\t\t\t\t\t<a href=\"http:\/\/volvobertone.com\/wordpress\/fr\/artikel-fr\/\" class=\"roll-button border\">arri\u00e8re<\/a>\r\n\t\t\t\t<\/div>\r\n\t\t\t<\/div>\r\n        <\/div>\r\n\t<\/div><\/div><\/div><\/div><\/div>","protected":false},"excerpt":{"rendered":"<p>\u00a0Le 14 avril 1977, Volvo c\u00e9l\u00e8bre ses cinquante ans d&#8217;existence. Cet anniversaire ne pouvait passer inaper\u00e7u. Deux versions sp\u00e9ciales, sur [&hellip;]<\/p>\n","protected":false},"author":1,"featured_media":0,"parent":0,"menu_order":0,"comment_status":"closed","ping_status":"closed","template":"page-templates\/page_front-page.php","meta":{"footnotes":""},"class_list":["post-1190","page","type-page","status-publish","hentry"],"_links":{"self":[{"href":"https:\/\/volvobertone.com\/wordpress\/wp-json\/wp\/v2\/pages\/1190","targetHints":{"allow":["GET"]}}],"collection":[{"href":"https:\/\/volvobertone.com\/wordpress\/wp-json\/wp\/v2\/pages"}],"about":[{"href":"https:\/\/volvobertone.com\/wordpress\/wp-json\/wp\/v2\/types\/page"}],"author":[{"embeddable":true,"href":"https:\/\/volvobertone.com\/wordpress\/wp-json\/wp\/v2\/users\/1"}],"replies":[{"embeddable":true,"href":"https:\/\/volvobertone.com\/wordpress\/wp-json\/wp\/v2\/comments?post=1190"}],"version-history":[{"count":6,"href":"https:\/\/volvobertone.com\/wordpress\/wp-json\/wp\/v2\/pages\/1190\/revisions"}],"predecessor-version":[{"id":1208,"href":"https:\/\/volvobertone.com\/wordpress\/wp-json\/wp\/v2\/pages\/1190\/revisions\/1208"}],"wp:attachment":[{"href":"https:\/\/volvobertone.com\/wordpress\/wp-json\/wp\/v2\/media?parent=1190"}],"curies":[{"name":"wp","href":"https:\/\/api.w.org\/{rel}","templated":true}]}}